{"id":101,"date":"2016-07-26T14:17:43","date_gmt":"2016-07-26T12:17:43","guid":{"rendered":"http:\/\/www.etacs.de\/?page_id=101"},"modified":"2016-07-26T14:51:12","modified_gmt":"2016-07-26T12:51:12","slug":"firmendienst","status":"publish","type":"page","link":"https:\/\/www.etacs.de\/index.php\/produkt\/firmendienst\/","title":{"rendered":"Firmendienst"},"content":{"rendered":"<p>Das ETACS-System verf\u00fcgt \u00fcber alle Kriterien, die Sie und Ihre Kunden im Firmengesch\u00e4ft haben.<\/p>\n<ul>\n<li>Firmeninformationen wie z.B. : Kostenstelle, Personalnummer, Konzernkennzeichen und Projektnummer<\/li>\n<li>\u00dcber CusPort online Zugriff auf Buchungsdaten<\/li>\n<li>Auf Wunsch k\u00f6nnen Savings erfasst und auf der Rechnung angedruckt werden.<\/li>\n<li>Zahlungsschnittstelle zu Airplus<\/li>\n<li>Automatische Zahlung und automatischer Rechnungsdruck<\/li>\n<\/ul>\n","protected":false},"excerpt":{"rendered":"<p>Das ETACS-System verf\u00fcgt \u00fcber alle Kriterien, die Sie und Ihre Kunden im Firmengesch\u00e4ft haben. Firmeninformationen wie z.B. : Kostenstelle, Personalnummer, Konzernkennzeichen und Projektnummer \u00dcber CusPort online Zugriff auf Buchungsdaten Auf Wunsch k\u00f6nnen Savings erfasst und auf der Rechnung angedruckt werden. Zahlungsschnittstelle zu Airplus Automatische Zahlung und automatischer Rechnungsdruck<\/p>\n","protected":false},"author":1,"featured_media":0,"parent":14,"menu_order":0,"comment_status":"closed","ping_status":"closed","template":"","meta":{"footnotes":""},"class_list":["post-101","page","type-page","status-publish","hentry"],"_links":{"self":[{"href":"https:\/\/www.etacs.de\/index.php\/wp-json\/wp\/v2\/pages\/101","targetHints":{"allow":["GET"]}}],"collection":[{"href":"https:\/\/www.etacs.de\/index.php\/wp-json\/wp\/v2\/pages"}],"about":[{"href":"https:\/\/www.etacs.de\/index.php\/wp-json\/wp\/v2\/types\/page"}],"author":[{"embeddable":true,"href":"https:\/\/www.etacs.de\/index.php\/wp-json\/wp\/v2\/users\/1"}],"replies":[{"embeddable":true,"href":"https:\/\/www.etacs.de\/index.php\/wp-json\/wp\/v2\/comments?post=101"}],"version-history":[{"count":2,"href":"https:\/\/www.etacs.de\/index.php\/wp-json\/wp\/v2\/pages\/101\/revisions"}],"predecessor-version":[{"id":130,"href":"https:\/\/www.etacs.de\/index.php\/wp-json\/wp\/v2\/pages\/101\/revisions\/130"}],"up":[{"embeddable":true,"href":"https:\/\/www.etacs.de\/index.php\/wp-json\/wp\/v2\/pages\/14"}],"wp:attachment":[{"href":"https:\/\/www.etacs.de\/index.php\/wp-json\/wp\/v2\/media?parent=101"}],"curies":[{"name":"wp","href":"https:\/\/api.w.org\/{rel}","templated":true}]}}