{"id":103,"date":"2016-07-26T14:18:13","date_gmt":"2016-07-26T12:18:13","guid":{"rendered":"http:\/\/www.etacs.de\/?page_id=103"},"modified":"2016-07-26T14:52:12","modified_gmt":"2016-07-26T12:52:12","slug":"buchhaltung","status":"publish","type":"page","link":"https:\/\/www.etacs.de\/index.php\/produkt\/buchhaltung\/","title":{"rendered":"Buchhaltung"},"content":{"rendered":"<p><img loading=\"lazy\" decoding=\"async\" class=\"size-full wp-image-131 alignleft\" src=\"http:\/\/www.etacs.de\/wp-content\/uploads\/2016\/07\/buha.jpg\" alt=\"buha\" width=\"260\" height=\"131\" \/>Buchhaltung und Reporting des ETACS-Systems sind auf den Bedarf kleinerer und mittlerer Reiseb\u00fcros abgestimmt. Zudem bietet es bereits Schnittstellen zu IBIZA, DATEV und Sage KHK. Ein weiterer Vorteil ist die \u201eMulti-GDS-F\u00e4higkeit\u201c des Systems.<\/p>\n<ul id=\"mymenu2\">\n<li>Freie Wahl des Kontenplans (SKR03 oder 04 auf Anfrage vorinstalliert)<\/li>\n<li>Abweichendes Gesch\u00e4ftsjahr m\u00f6glich<\/li>\n<li>Einzel-oder Sammelverbuchungen m\u00f6glich<\/li>\n<li>Automatische Verbuchngen von Kundenzahlungen, eingehenden und ausgehenden Rechnungen<\/li>\n<li>Automatischer BSP Abgleich, Lastschriften und Bankbelegen<\/li>\n<li>Datenexport im DATEV und VERK (SAP) Format<\/li>\n<li>Offene Posten Liste and Mahnprozess<\/li>\n<li>Ausgabe von Journaleintr\u00e4gen und Kassenprotokollen<\/li>\n<li>Schnittstellen: DATEV, IBIZA, Sage-KHK, Turista<\/li>\n<\/ul>\n","protected":false},"excerpt":{"rendered":"<p>Buchhaltung und Reporting des ETACS-Systems sind auf den Bedarf kleinerer und mittlerer Reiseb\u00fcros abgestimmt. Zudem bietet es bereits Schnittstellen zu IBIZA, DATEV und Sage KHK. Ein weiterer Vorteil ist die \u201eMulti-GDS-F\u00e4higkeit\u201c des Systems. Freie Wahl des Kontenplans (SKR03 oder 04 auf Anfrage vorinstalliert) Abweichendes Gesch\u00e4ftsjahr m\u00f6glich Einzel-oder Sammelverbuchungen m\u00f6glich Automatische Verbuchngen von Kundenzahlungen, eingehenden und [&hellip;]<\/p>\n","protected":false},"author":1,"featured_media":0,"parent":14,"menu_order":0,"comment_status":"closed","ping_status":"closed","template":"","meta":{"footnotes":""},"class_list":["post-103","page","type-page","status-publish","hentry"],"_links":{"self":[{"href":"https:\/\/www.etacs.de\/index.php\/wp-json\/wp\/v2\/pages\/103","targetHints":{"allow":["GET"]}}],"collection":[{"href":"https:\/\/www.etacs.de\/index.php\/wp-json\/wp\/v2\/pages"}],"about":[{"href":"https:\/\/www.etacs.de\/index.php\/wp-json\/wp\/v2\/types\/page"}],"author":[{"embeddable":true,"href":"https:\/\/www.etacs.de\/index.php\/wp-json\/wp\/v2\/users\/1"}],"replies":[{"embeddable":true,"href":"https:\/\/www.etacs.de\/index.php\/wp-json\/wp\/v2\/comments?post=103"}],"version-history":[{"count":2,"href":"https:\/\/www.etacs.de\/index.php\/wp-json\/wp\/v2\/pages\/103\/revisions"}],"predecessor-version":[{"id":132,"href":"https:\/\/www.etacs.de\/index.php\/wp-json\/wp\/v2\/pages\/103\/revisions\/132"}],"up":[{"embeddable":true,"href":"https:\/\/www.etacs.de\/index.php\/wp-json\/wp\/v2\/pages\/14"}],"wp:attachment":[{"href":"https:\/\/www.etacs.de\/index.php\/wp-json\/wp\/v2\/media?parent=103"}],"curies":[{"name":"wp","href":"https:\/\/api.w.org\/{rel}","templated":true}]}}