{"id":105,"date":"2016-07-26T14:18:51","date_gmt":"2016-07-26T12:18:51","guid":{"rendered":"http:\/\/www.etacs.de\/?page_id=105"},"modified":"2016-07-26T14:53:36","modified_gmt":"2016-07-26T12:53:36","slug":"ibiza-komplettloesung","status":"publish","type":"page","link":"https:\/\/www.etacs.de\/index.php\/produkt\/ibiza-komplettloesung\/","title":{"rendered":"Ibiza Komplettl\u00f6sung"},"content":{"rendered":"<p><img loading=\"lazy\" decoding=\"async\" class=\"size-full wp-image-133 alignleft\" src=\"http:\/\/www.etacs.de\/wp-content\/uploads\/2016\/07\/ibiza.jpg\" alt=\"ibiza\" width=\"220\" height=\"233\" srcset=\"https:\/\/www.etacs.de\/wp-content\/uploads\/2016\/07\/ibiza.jpg 220w, https:\/\/www.etacs.de\/wp-content\/uploads\/2016\/07\/ibiza-208x220.jpg 208w\" sizes=\"auto, (max-width: 220px) 100vw, 220px\" \/>F\u00fcr gro\u00dfe und umsatzstarke Reiseb\u00fcro-Organisationen wird IBIZA, das Backoffice-Produkt der ta.ts, in die Komplettl\u00f6sung eingebunden. IBIZA ist ein bew\u00e4hrtes Buchhaltungssystem auf Basis der betriebswirtschaftlichen Standardsoftware SAP R\/3. Alle Funktionen &#8211; bis hin zur Bilanz &#8211; einer vollst\u00e4ndigen Finanzbuchhaltung sind in IBIZA enthalten.<\/p>\n<p>Auswertungen aus der Finanzbuchhaltung, wie zum Beispiel Betriebswirtschaftliche Auswertungen (BWA), Summen- und Saldenlisten, offene Postenlisten, Debitoren-Altersreport und Umsatzsteuernachweis sind in IBIZA m\u00f6glich. Wichtige Zahlungsinformationen werden \u00fcber eine bidirektionale Schnittstelle direkt aus IBIZA an ETACS gegeben und stehen dem Expedienten am<br \/>\nPoint of Sale zur Verf\u00fcgung.<\/p>\n","protected":false},"excerpt":{"rendered":"<p>F\u00fcr gro\u00dfe und umsatzstarke Reiseb\u00fcro-Organisationen wird IBIZA, das Backoffice-Produkt der ta.ts, in die Komplettl\u00f6sung eingebunden. IBIZA ist ein bew\u00e4hrtes Buchhaltungssystem auf Basis der betriebswirtschaftlichen Standardsoftware SAP R\/3. Alle Funktionen &#8211; bis hin zur Bilanz &#8211; einer vollst\u00e4ndigen Finanzbuchhaltung sind in IBIZA enthalten. Auswertungen aus der Finanzbuchhaltung, wie zum Beispiel Betriebswirtschaftliche Auswertungen (BWA), Summen- und Saldenlisten, [&hellip;]<\/p>\n","protected":false},"author":1,"featured_media":0,"parent":14,"menu_order":0,"comment_status":"closed","ping_status":"closed","template":"","meta":{"footnotes":""},"class_list":["post-105","page","type-page","status-publish","hentry"],"_links":{"self":[{"href":"https:\/\/www.etacs.de\/index.php\/wp-json\/wp\/v2\/pages\/105","targetHints":{"allow":["GET"]}}],"collection":[{"href":"https:\/\/www.etacs.de\/index.php\/wp-json\/wp\/v2\/pages"}],"about":[{"href":"https:\/\/www.etacs.de\/index.php\/wp-json\/wp\/v2\/types\/page"}],"author":[{"embeddable":true,"href":"https:\/\/www.etacs.de\/index.php\/wp-json\/wp\/v2\/users\/1"}],"replies":[{"embeddable":true,"href":"https:\/\/www.etacs.de\/index.php\/wp-json\/wp\/v2\/comments?post=105"}],"version-history":[{"count":2,"href":"https:\/\/www.etacs.de\/index.php\/wp-json\/wp\/v2\/pages\/105\/revisions"}],"predecessor-version":[{"id":134,"href":"https:\/\/www.etacs.de\/index.php\/wp-json\/wp\/v2\/pages\/105\/revisions\/134"}],"up":[{"embeddable":true,"href":"https:\/\/www.etacs.de\/index.php\/wp-json\/wp\/v2\/pages\/14"}],"wp:attachment":[{"href":"https:\/\/www.etacs.de\/index.php\/wp-json\/wp\/v2\/media?parent=105"}],"curies":[{"name":"wp","href":"https:\/\/api.w.org\/{rel}","templated":true}]}}