{"id":111,"date":"2016-07-26T14:22:43","date_gmt":"2016-07-26T12:22:43","guid":{"rendered":"http:\/\/www.etacs.de\/?page_id=111"},"modified":"2016-07-26T14:40:41","modified_gmt":"2016-07-26T12:40:41","slug":"schulung","status":"publish","type":"page","link":"https:\/\/www.etacs.de\/index.php\/support\/schulung\/","title":{"rendered":"Schulung"},"content":{"rendered":"<header class=\"csc-header csc-header-n1\">\n<h3 class=\"csc-firstHeader\">fit und pfiffig<\/h3>\n<\/header>\n<p>Obwohl das ETACS-System leicht zu bedienen ist, empfehlen wir einf\u00fchrende Trainings durch unsere Spezialisten. Sie kennen Tipps und Tricks und leiten das Team im Reiseb\u00fcro an Aufgaben schnell, effizient und einheitlich zu l\u00f6sen.<\/p>\n<p>Wir bieten Pr\u00e4senzschulung bei Ihnen vor Ort und Schulungen in unseren modernen Schulungsr\u00e4umen an.<\/p>\n","protected":false},"excerpt":{"rendered":"<p>fit und pfiffig Obwohl das ETACS-System leicht zu bedienen ist, empfehlen wir einf\u00fchrende Trainings durch unsere Spezialisten. Sie kennen Tipps und Tricks und leiten das Team im Reiseb\u00fcro an Aufgaben schnell, effizient und einheitlich zu l\u00f6sen. Wir bieten Pr\u00e4senzschulung bei Ihnen vor Ort und Schulungen in unseren modernen Schulungsr\u00e4umen an.<\/p>\n","protected":false},"author":1,"featured_media":0,"parent":16,"menu_order":0,"comment_status":"closed","ping_status":"closed","template":"","meta":{"footnotes":""},"class_list":["post-111","page","type-page","status-publish","hentry"],"_links":{"self":[{"href":"https:\/\/www.etacs.de\/index.php\/wp-json\/wp\/v2\/pages\/111","targetHints":{"allow":["GET"]}}],"collection":[{"href":"https:\/\/www.etacs.de\/index.php\/wp-json\/wp\/v2\/pages"}],"about":[{"href":"https:\/\/www.etacs.de\/index.php\/wp-json\/wp\/v2\/types\/page"}],"author":[{"embeddable":true,"href":"https:\/\/www.etacs.de\/index.php\/wp-json\/wp\/v2\/users\/1"}],"replies":[{"embeddable":true,"href":"https:\/\/www.etacs.de\/index.php\/wp-json\/wp\/v2\/comments?post=111"}],"version-history":[{"count":2,"href":"https:\/\/www.etacs.de\/index.php\/wp-json\/wp\/v2\/pages\/111\/revisions"}],"predecessor-version":[{"id":117,"href":"https:\/\/www.etacs.de\/index.php\/wp-json\/wp\/v2\/pages\/111\/revisions\/117"}],"up":[{"embeddable":true,"href":"https:\/\/www.etacs.de\/index.php\/wp-json\/wp\/v2\/pages\/16"}],"wp:attachment":[{"href":"https:\/\/www.etacs.de\/index.php\/wp-json\/wp\/v2\/media?parent=111"}],"curies":[{"name":"wp","href":"https:\/\/api.w.org\/{rel}","templated":true}]}}