{"id":12,"date":"2016-07-26T10:24:36","date_gmt":"2016-07-26T08:24:36","guid":{"rendered":"http:\/\/www.etacs.de\/?page_id=12"},"modified":"2016-07-26T13:21:59","modified_gmt":"2016-07-26T11:21:59","slug":"unternehmen","status":"publish","type":"page","link":"https:\/\/www.etacs.de\/index.php\/unternehmen\/","title":{"rendered":"Unternehmen"},"content":{"rendered":"<p><img loading=\"lazy\" decoding=\"async\" class=\"alignnone size-full wp-image-69\" src=\"http:\/\/www.etacs.de\/wp-content\/uploads\/2016\/07\/unternehmen.png\" alt=\"unternehmen\" width=\"980\" height=\"352\" srcset=\"https:\/\/www.etacs.de\/wp-content\/uploads\/2016\/07\/unternehmen.png 980w, https:\/\/www.etacs.de\/wp-content\/uploads\/2016\/07\/unternehmen-300x108.png 300w, https:\/\/www.etacs.de\/wp-content\/uploads\/2016\/07\/unternehmen-768x276.png 768w, https:\/\/www.etacs.de\/wp-content\/uploads\/2016\/07\/unternehmen-613x220.png 613w\" sizes=\"auto, (max-width: 980px) 100vw, 980px\" \/><\/p>\n<p>Die ETACS GmbH wurde 2005 in Frankfurt\/Main gegr\u00fcndet, um kleine Einzel-Reiseb\u00fcros, gro\u00dfe Reisekonzerne, Reiseb\u00fcroketten und -Kooperationen in Mid- und Backoffice durch ein offenes, zukunftsf\u00e4higes und modular aufgebautes System effizienter zu machen. Indem Informationen fehlerfrei, schnell und automatisiert verarbeitet werden, hat das Reiseb\u00fcro ausreichend \u201eLuft\u201c, sich um seine Kunden zu k\u00fcmmern und seinen Ertrag zu steigern. Die langfristigen Ziele der ETACS GmbH sind das vollautomatische Midoffice-System und Wachstum in internationalen M\u00e4rkten sowie im Online-Vertrieb.<\/p>\n<p>Die ETACS GmbH ist eine Tochter des Marktf\u00fchrers f\u00fcr Internet Booking Engines, der <a class=\"external-link-new-window\" title=\"Opens external link in new window\" href=\"http:\/\/www.ypsilon.net\/\">Ypsilon.Net AG\u00a0<\/a> , mit einer Beteiligung des Gesch\u00e4ftsf\u00fchrers von ETACS, Hans-Joachim Klenz. Durch diese Beteiligungsstruktur ist sichergestellt, dass Reiseb\u00fcrokunden, die Frontoffice-Produkte von Ypsilon.Net einsetzen, einen durchg\u00e4ngigen Workflow aller Prozesse bis hin zur ETACS Midoffice L\u00f6sung leicht einrichten k\u00f6nnen. Als Schwergewicht im Backoffice steht wahlweise das ta.ts-Produkt IBIZA f\u00fcr die nahtlose \u00dcbernahme aller Informationen bereit.<\/p>\n","protected":false},"excerpt":{"rendered":"<p>Die ETACS GmbH wurde 2005 in Frankfurt\/Main gegr\u00fcndet, um kleine Einzel-Reiseb\u00fcros, gro\u00dfe Reisekonzerne, Reiseb\u00fcroketten und -Kooperationen in Mid- und Backoffice durch ein offenes, zukunftsf\u00e4higes und modular aufgebautes System effizienter zu machen. Indem Informationen fehlerfrei, schnell und automatisiert verarbeitet werden, hat das Reiseb\u00fcro ausreichend \u201eLuft\u201c, sich um seine Kunden zu k\u00fcmmern und seinen Ertrag zu steigern. [&hellip;]<\/p>\n","protected":false},"author":1,"featured_media":0,"parent":0,"menu_order":0,"comment_status":"closed","ping_status":"closed","template":"","meta":{"footnotes":""},"class_list":["post-12","page","type-page","status-publish","hentry"],"_links":{"self":[{"href":"https:\/\/www.etacs.de\/index.php\/wp-json\/wp\/v2\/pages\/12","targetHints":{"allow":["GET"]}}],"collection":[{"href":"https:\/\/www.etacs.de\/index.php\/wp-json\/wp\/v2\/pages"}],"about":[{"href":"https:\/\/www.etacs.de\/index.php\/wp-json\/wp\/v2\/types\/page"}],"author":[{"embeddable":true,"href":"https:\/\/www.etacs.de\/index.php\/wp-json\/wp\/v2\/users\/1"}],"replies":[{"embeddable":true,"href":"https:\/\/www.etacs.de\/index.php\/wp-json\/wp\/v2\/comments?post=12"}],"version-history":[{"count":3,"href":"https:\/\/www.etacs.de\/index.php\/wp-json\/wp\/v2\/pages\/12\/revisions"}],"predecessor-version":[{"id":75,"href":"https:\/\/www.etacs.de\/index.php\/wp-json\/wp\/v2\/pages\/12\/revisions\/75"}],"wp:attachment":[{"href":"https:\/\/www.etacs.de\/index.php\/wp-json\/wp\/v2\/media?parent=12"}],"curies":[{"name":"wp","href":"https:\/\/api.w.org\/{rel}","templated":true}]}}