{"id":26,"date":"2016-07-26T10:27:49","date_gmt":"2016-07-26T08:27:49","guid":{"rendered":"http:\/\/www.etacs.de\/?page_id=26"},"modified":"2018-05-23T07:01:42","modified_gmt":"2018-05-23T05:01:42","slug":"verfahrensverzeichnis","status":"publish","type":"page","link":"https:\/\/www.etacs.de\/index.php\/verfahrensverzeichnis\/","title":{"rendered":"Verfahrensverzeichnis"},"content":{"rendered":"<div class=\"intro\">\n<div class=\"container\">\n<div class=\"row\">\n<div class=\"product_item_div\">\n<div class=\"reg_article\">\n<h2 class=\"P13\">1. Name und Anschrift der verantwortlichen Stelle<\/h2>\n<p class=\"P13\"><strong>Etacs GmbH<br \/>\n<\/strong><span class=\"T12\">Vilbeler Landstra\u00dfe 203<br \/>\n60388 Frankfurt\/a.M<br \/>\n<\/span><\/p>\n<h2 class=\"P13\">2. Gesch\u00e4ftsleitung<\/h2>\n<p class=\"P14\"><strong>Gesch\u00e4ftsf\u00fchrer<\/strong><span class=\"T12\"><br \/>\nHans-Joachim Klenz<\/span><\/p>\n<h2 class=\"P13\">3. Leiter der Datenverarbeitung der verantwortlichen Stelle<\/h2>\n<p class=\"P16\">Steffen Oschatz<\/p>\n<h2 class=\"P16\">4. Zweckbestimmung der Datenerhebung, -verarbeitung oder \u2013nutzung<\/h2>\n<p class=\"P13\"><strong>Entwicklung von Softwareprodukten<\/strong><\/p>\n<p class=\"Standard\"><span class=\"T10\">zum Vertrieb, Verkauf sowie Vermittlung von Reisedienstleistungen und aller damit verbundenen Nebengesch\u00e4fte. Nebenzwecke sind unterst\u00fctzende Funktionen insbesondere die Personal- und Lieferantenverwaltung.<\/span><\/p>\n<p class=\"P6\">Durchf\u00fchrung der Datenverarbeitung von personenbezogenen Daten f\u00fcr eigene Zwecke sowie im Auftrag von Auftraggebern gem\u00e4\u00df den bestehenden Vertragsvereinbarungen.<\/p>\n<h2 class=\"P13\">5. Beschreibung der betroffenen Personengruppen<\/h2>\n<p class=\"Standard\"><span class=\"T10\">Es wird zu folgenden Gruppen zur Erf\u00fcllung der Zweckbestimmung aufgef\u00fchrten personenbezogenen Daten bzw. Datenkategorien erhoben, verarbeitet und genutzt:<\/span><\/p>\n<p class=\"Standard\"><strong><span class=\"T7\">Kundendaten<\/span><\/strong><span class=\"T10\">\u00a0(insbesondere Kontaktdaten, wie Telefon-, Fax- und E-Mail-Daten, Kontakthistorie sowie weitere Daten die zur Vertragserf\u00fcllung notwendig sind)<\/span><\/p>\n<p class=\"Standard\"><strong><span class=\"T7\">Interessentendaten<\/span><\/strong><span class=\"T10\">\u00a0(insbesondere Kontaktdaten (s.o.) sowie weitere Daten die zur geplanten Vertragsausf\u00fchrung notwendig sind)<\/span><\/p>\n<p class=\"Standard\"><strong><span class=\"T7\">Besch\u00e4ftigtendaten<\/span><\/strong><span class=\"T10\">\u00a0Zu Besch\u00e4ftigten z\u00e4hlen insbesondere: Arbeitnehmer, Auszubildende, Rehabilitanden, Personen, die wegen ihrer wirtschaftlichen Unselbst\u00e4ndigkeit als arbeitnehmer\u00e4hnliche Personen anzusehen sind, Bewerber, Ausgeschiedene und Praktikanten. Verarbeitet werden Vertragsdaten und Leistungsdaten soweit dies f\u00fcr die Entscheidung \u00fcber die Begr\u00fcndung eines Besch\u00e4ftigungsverh\u00e4ltnisses oder nach Begr\u00fcndung des Besch\u00e4ftigungsverh\u00e4ltnisses f\u00fcr dessen Durchf\u00fchrung oder Beendigung erforderlich ist.) Beispiele: Vertrags- und Abrechnungsdaten, Daten zur Personalverwaltung und -steuerung; Arbeitszeiterfassungsdaten sowie Zutrittskontrolldaten; Terminverwaltungsdaten; Daten im Rahmen der Unternehmenskommunikation und IT-Systemnutzung und der hierbei gesetzlich erforderlichen Protokollierung.<\/span><\/p>\n<p class=\"Standard\"><strong><span class=\"T7\">Lieferantendaten<\/span><\/strong><span class=\"T10\">: Lieferanten \/ Dienstleister \/ Vermittler \/ Makler \/ Agenturen (insbesondere Kontaktdaten, wie Telefon-, Fax- und E-Mail-Daten, Kontakt- und Auftragshistorie sowie weitere Daten die zur Vertragserf\u00fcllung notwendig sind)<\/span><\/p>\n<h2 class=\"P13\">6. Empf\u00e4nger oder Kategorien von Empf\u00e4ngern der Daten<\/h2>\n<p class=\"P13\"><strong><span class=\"T7\">\u00d6ffentliche Stellen<\/span><\/strong><span class=\"T10\">, die Daten aufgrund gesetzlicher Vorschriften erhalten d\u00fcrfen oder anfordern (z.B. Finanzbeh\u00f6rden, Sozialversicherungstr\u00e4ger, Aufsichtsbeh\u00f6rden).<\/span><\/p>\n<p class=\"Standard\"><strong><span class=\"T7\">Externe Stellen<\/span><\/strong><span class=\"T10\">\u00a0(Auftraggeber und Auftragnehmer) im Rahmen der Auftragsverarbeitung nach Art. 28 DS-GVO.<\/span><\/p>\n<p class=\"Standard\"><strong><span class=\"T7\">Weitere externe Stellen<\/span><\/strong><span class=\"T10\">\u00a0wie z.B. Banken \/ Steuerberater \/ Rechtsanw\u00e4lte (Soweit dies zur Erf\u00fcllung des Vertragsverh\u00e4ltnisses notwendig ist.)<\/span><\/p>\n<p class=\"Standard\"><strong><span class=\"T7\">Interne Verarbeitung<\/span><\/strong><span class=\"T10\">, Personen \/ Abteilungen, die an der Ausf\u00fchrung der jeweiligen Vertragsverh\u00e4ltnisse beteiligt sind (im Wesentlichen: Personalverwaltung, Finanzbuchhaltung, Warenwirtschaft, Einkauf, Vertrieb, Telekommunikation und IT).<\/span><\/p>\n<h2 class=\"Standard\"><span class=\"T7\">7. Regelfristen f\u00fcr die L\u00f6schung der Daten<\/span><\/h2>\n<p class=\"P6\">Die L\u00f6schung der Daten erfolgt nach den jeweils geltenden gesetzlichen oder vertraglichen Vorschriften zur Aufbewahrung oder Datenl\u00f6schung. Soweit Daten von diesen Vorschriften nicht erfasst sind, werden diese gel\u00f6scht, sobald sie f\u00fcr die unter Ziffer 4 genannten Zwecke nicht mehr erforderlich sind.<\/p>\n<h2 class=\"P12\"><span class=\"T8\">8. Daten\u00fcbermittlung in Drittl\u00e4nder<\/span><\/h2>\n<p class=\"P12\"><span class=\"T10\">Daten\u00fcbermittlungen in Drittstaaten ergeben sich nur im Rahmen der bestehenden vertraglichen Anforderungen, erforderlicher Kommunikation, sowie anderer im DS-GVO ausdr\u00fccklich vorgesehener Ausnahmen. Eine weitergehende \u00dcbermittlung an Drittstaaten; findet derzeit nicht statt.<\/span><\/p>\n<h2 class=\"P13\">9. Beauftragter f\u00fcr den Datenschutz<\/h2>\n<p class=\"P2\"><span class=\"T10\">G\u00fcnther Rams<br \/>\n<\/span>datenschutz@etacs.de<\/p>\n<p class=\"P22\"><em><span class=\"T11\">Frankfurt a\/M, im M\u00e4rz 2018<\/span><\/em><\/p>\n<\/div>\n<\/div>\n<\/div>\n<\/div>\n<\/div>\n","protected":false},"excerpt":{"rendered":"<p>1. Name und Anschrift der verantwortlichen Stelle Etacs GmbH Vilbeler Landstra\u00dfe 203 60388 Frankfurt\/a.M 2. Gesch\u00e4ftsleitung Gesch\u00e4ftsf\u00fchrer Hans-Joachim Klenz 3. Leiter der Datenverarbeitung der verantwortlichen Stelle Steffen Oschatz 4. Zweckbestimmung der Datenerhebung, -verarbeitung oder \u2013nutzung Entwicklung von Softwareprodukten zum Vertrieb, Verkauf sowie Vermittlung von Reisedienstleistungen und aller damit verbundenen Nebengesch\u00e4fte. Nebenzwecke sind unterst\u00fctzende Funktionen insbesondere [&hellip;]<\/p>\n","protected":false},"author":1,"featured_media":0,"parent":0,"menu_order":0,"comment_status":"closed","ping_status":"closed","template":"","meta":{"footnotes":""},"class_list":["post-26","page","type-page","status-publish","hentry"],"_links":{"self":[{"href":"https:\/\/www.etacs.de\/index.php\/wp-json\/wp\/v2\/pages\/26","targetHints":{"allow":["GET"]}}],"collection":[{"href":"https:\/\/www.etacs.de\/index.php\/wp-json\/wp\/v2\/pages"}],"about":[{"href":"https:\/\/www.etacs.de\/index.php\/wp-json\/wp\/v2\/types\/page"}],"author":[{"embeddable":true,"href":"https:\/\/www.etacs.de\/index.php\/wp-json\/wp\/v2\/users\/1"}],"replies":[{"embeddable":true,"href":"https:\/\/www.etacs.de\/index.php\/wp-json\/wp\/v2\/comments?post=26"}],"version-history":[{"count":7,"href":"https:\/\/www.etacs.de\/index.php\/wp-json\/wp\/v2\/pages\/26\/revisions"}],"predecessor-version":[{"id":360,"href":"https:\/\/www.etacs.de\/index.php\/wp-json\/wp\/v2\/pages\/26\/revisions\/360"}],"wp:attachment":[{"href":"https:\/\/www.etacs.de\/index.php\/wp-json\/wp\/v2\/media?parent=26"}],"curies":[{"name":"wp","href":"https:\/\/api.w.org\/{rel}","templated":true}]}}