{"id":379,"date":"2018-11-20T14:06:26","date_gmt":"2018-11-20T13:06:26","guid":{"rendered":"http:\/\/www.etacs.de\/?page_id=379"},"modified":"2018-11-20T14:11:29","modified_gmt":"2018-11-20T13:11:29","slug":"grundsaetze-der-datenverarbeitung","status":"publish","type":"page","link":"https:\/\/www.etacs.de\/index.php\/grundsaetze-der-datenverarbeitung\/","title":{"rendered":"Grunds\u00e4tze der Datenverarbeitung"},"content":{"rendered":"<div class=\"intro\">\n<div class=\"container\">\n<div class=\"row\">\n<div class=\"product_item_div\">\n<div class=\"reg_article\">\n<h1>Grunds\u00e4tze der Datenverarbeitung bei der Etacs GmbH<\/h1>\n<p>Sie sind \u00fcber einen Link auf diese Seite gekommen, weil Sie sich \u00fcber unseren Umgang mit (Ihren) personenbezogenen Daten informieren wollen. Um unsere Informationspflichten nach den Art. 12 ff. der Datenschutz-Grundverordnung (DSGVO) zu erf\u00fcllen, stellen wir Ihnen nachfolgend gerne unsere Informationen zum Datenschutz dar:<\/p>\n<h2>Wer ist f\u00fcr Datenverarbeitung verantwortlich?<\/h2>\n<p>Verantwortlicher im Sinne des Datenschutzrecht ist die<\/p>\n<p>Etacs GmbH<br \/>\nVilbeler Landstra\u00dfe 203<br \/>\n60388 Frankfurt a.M.<\/p>\n<p>Sie finden weitere Informationen zu unserem Unternehmen, Angaben zu den vertretungsberechtigten Personen und auch weitere Kontaktm\u00f6glichkeiten im Impressum unserer Internetseite: <a href=\"https:\/\/www.etacs.de\/index.php\/impressum\">https:\/\/www.etacs.de\/impressum<\/a><\/p>\n<h2>Welche Daten von Ihnen werden von uns verarbeitet? Und zu welchen Zwecken?<\/h2>\n<p>Wenn wir Daten von Ihnen erhalten haben, dann werden wir diese grunds\u00e4tzlich nur f\u00fcr die Zwecke verarbeiten, f\u00fcr die wir sie erhalten oder erhoben haben.<\/p>\n<p>Eine Datenverarbeitung zu anderen Zwecken kommt nur dann in Betracht, wenn die insoweit erforderlichen rechtlichen Vorgaben gem\u00e4\u00df Art. 6 Abs. 4 DSGVO vorliegen. Etwaige Informationspflichten nach Art. 13 Abs. 3 DSGVO und Art. 14 Abs. 4 DSGVO werden wir in dem Fall selbstverst\u00e4ndlich beachten.<\/p>\n<h2>Auf welcher rechtlichen Grundlage basiert das?<\/h2>\n<p>Rechtsgrundlage f\u00fcr die Verarbeitung von personenbezogenen Daten ist grunds\u00e4tzlich \u2013 soweit es nicht noch spezifische Rechtsvorschriften gibt \u2013\u00a0Art. 6 DSGVO. Hier kommen insbesondere folgende M\u00f6glichkeiten in Betracht:<\/p>\n<ul>\n<li>Einwilligung (Art. 6 Abs. 1 lit. a) DSGVO)<\/li>\n<li>Datenverarbeitung zur Erf\u00fcllung von Vertr\u00e4gen (Art. 6 Abs. 1 lit. b) DSGVO<\/li>\n<li>Datenverarbeitung auf Basis einer Interessenabw\u00e4gung (Art. 6 Abs. 1 lit. f) DSGVO)<\/li>\n<li>Datenverarbeitung zur Erf\u00fcllung einer rechtlichen Verpflichtung (Art. 6 Abs. 1 lit. c) DSGVO)<\/li>\n<\/ul>\n<p>Wenn personenbezogene Daten auf Grundlage einer <strong>Einwilligung<\/strong> von Ihnen verarbeitet werden, haben Sie das Recht, die Einwilligung jederzeit mit Wirkung f\u00fcr die Zukunft uns gegen\u00fcber zu <strong>widerrufen<\/strong>.<\/p>\n<p>Wenn wir Daten auf Basis einer <strong>Interessenabw\u00e4gung<\/strong> verarbeiten, haben Sie als Betroffene\/r das Recht, unter Ber\u00fccksichtigung der Vorgaben von Art. 21 DSGVO der Verarbeitung der personenbezogenen Daten zu <strong>widersprechen<\/strong>.<\/p>\n<h2>Wie lange werden die Daten gespeichert?<\/h2>\n<p>Wir verarbeiten die Daten, solange dies f\u00fcr den jeweiligen Zweck erforderlich ist.<\/p>\n<p>Soweit gesetzliche Aufbewahrungspflichten bestehen \u2013 z.B. im Handelsrecht oder Steuerrecht \u2013\u00a0werden die betreffenden personenbezogenen Daten f\u00fcr die Dauer der Aufbewahrungspflicht gespeichert. Nach Ablauf der Aufbewahrungspflicht wird gepr\u00fcft, ob eine weitere Erforderlichkeit f\u00fcr die Verarbeitung vorliegt. Liegt eine Erforderlichkeit nicht mehr vor, werden die Daten gel\u00f6scht.<\/p>\n<p>Grunds\u00e4tzlich nehmen wir gegen Ende eines Kalenderjahres eine Pr\u00fcfung von Daten im Hinblick auf das Erfordernis einer weiteren Verarbeitung vor. Aufgrund der Menge der Daten erfolgt diese Pr\u00fcfung im Hinblick auf spezifische Datenarten oder Zwecke einer Verarbeitung.<\/p>\n<p>Selbstverst\u00e4ndlich k\u00f6nnen Sie jederzeit (s.u.) Auskunft \u00fcber die bei uns zu Ihrer Person gespeicherten Daten verlangen und im Falle einer nicht bestehenden Erforderlichkeit eine L\u00f6schung der Daten oder Einschr\u00e4nkung der Verarbeitung verlangen.<\/p>\n<h2>An welche Empf\u00e4nger werden die Daten weitergegeben?<\/h2>\n<p>Eine Weitergabe Ihrer personenbezogenen Daten an Dritte findet grunds\u00e4tzlich nur statt, wenn dies f\u00fcr die Durchf\u00fchrung des Vertrages mit Ihnen erforderlich ist, die Weitergabe auf Basis einer Interessenabw\u00e4gung i.S.d. Art. 6 Abs. 1 lit. f) DSGVO zul\u00e4ssig ist, wir rechtlich zu der Weitergabe verpflichtet sind oder Sie insoweit eine Einwilligung erteilt haben.<\/p>\n<h2>Wo werden die Daten verarbeitet?<\/h2>\n<p>Ihre personenbezogenen Daten werden von uns ausschlie\u00dflich in Rechenzentren der Bundesrepublik Deutschland verarbeitet.<\/p>\n<h2>Ihre Rechte als \u201eBetroffene\u201c<\/h2>\n<p>Sie haben das Recht auf Auskunft \u00fcber die von uns zu Ihrer Person verarbeiteten personenbezogenen Daten.<\/p>\n<p>Bei einer Auskunftsanfrage, die nicht schriftlich erfolgt, bitten wir um Verst\u00e4ndnis daf\u00fcr, dass wir dann ggf. Nachweise von Ihnen verlangen, die belegen, dass Sie die Person sind, f\u00fcr die Sie sich ausgeben.<\/p>\n<p>Ferner haben Sie ein Recht auf Berichtigung oder L\u00f6schung oder auf Einschr\u00e4nkung der Verarbeitung, soweit Ihnen dies gesetzlich zusteht. Ferner haben Sie ein Widerspruchsrecht gegen die Verarbeitung im Rahmen der gesetzlichen Vorgaben. Gleiches gilt f\u00fcr ein Recht auf Daten\u00fcbertragbarkeit.<\/p>\n<p><strong>Insbesondere haben Sie ein Widerspruchsrecht nach Art. 21 Abs. 1 und 2 DSGVO gegen die Verarbeitung Ihrer Daten im Zusammenhang mit einer Direktwerbung, wenn diese auf Basis einer Interessenabw\u00e4gung erfolgt.<\/strong><\/p>\n<h2>Unsere Datenschutzbeauftragte<\/h2>\n<p>Wir haben eine Datenschutzbeauftragte in unserem Unternehmen benannt. Sie erreichen diese unter folgenden Kontaktm\u00f6glichkeiten:<\/p>\n<p>G\u00fcnther Rams<br \/>\nDEBIT Computer Service GmbH<br \/>\nSeestra\u00dfe 11<br \/>\n63571 Gelnhausen<br \/>\nE-Mail: <a href=\"mailto:datenschutz@etacs.de\">datenschutz@etacs.de<\/a><\/p>\n<h2>Beschwerderecht<\/h2>\n<p>Sie haben das Recht, sich \u00fcber die Verarbeitung personenbezogenen Daten durch uns bei einer Aufsichtsbeh\u00f6rde f\u00fcr den Datenschutz zu beschweren.<\/p>\n<p>&nbsp;<\/p>\n<p>&nbsp;<\/p>\n<p>Stand: 30.10.2018<\/p>\n<\/div>\n<\/div>\n<\/div>\n<\/div>\n<\/div>\n","protected":false},"excerpt":{"rendered":"<p>Grunds\u00e4tze der Datenverarbeitung bei der Etacs GmbH Sie sind \u00fcber einen Link auf diese Seite gekommen, weil Sie sich \u00fcber unseren Umgang mit (Ihren) personenbezogenen Daten informieren wollen. Um unsere Informationspflichten nach den Art. 12 ff. der Datenschutz-Grundverordnung (DSGVO) zu erf\u00fcllen, stellen wir Ihnen nachfolgend gerne unsere Informationen zum Datenschutz dar: Wer ist f\u00fcr Datenverarbeitung [&hellip;]<\/p>\n","protected":false},"author":1,"featured_media":0,"parent":0,"menu_order":3,"comment_status":"closed","ping_status":"closed","template":"","meta":{"footnotes":""},"class_list":["post-379","page","type-page","status-publish","hentry"],"_links":{"self":[{"href":"https:\/\/www.etacs.de\/index.php\/wp-json\/wp\/v2\/pages\/379","targetHints":{"allow":["GET"]}}],"collection":[{"href":"https:\/\/www.etacs.de\/index.php\/wp-json\/wp\/v2\/pages"}],"about":[{"href":"https:\/\/www.etacs.de\/index.php\/wp-json\/wp\/v2\/types\/page"}],"author":[{"embeddable":true,"href":"https:\/\/www.etacs.de\/index.php\/wp-json\/wp\/v2\/users\/1"}],"replies":[{"embeddable":true,"href":"https:\/\/www.etacs.de\/index.php\/wp-json\/wp\/v2\/comments?post=379"}],"version-history":[{"count":1,"href":"https:\/\/www.etacs.de\/index.php\/wp-json\/wp\/v2\/pages\/379\/revisions"}],"predecessor-version":[{"id":380,"href":"https:\/\/www.etacs.de\/index.php\/wp-json\/wp\/v2\/pages\/379\/revisions\/380"}],"wp:attachment":[{"href":"https:\/\/www.etacs.de\/index.php\/wp-json\/wp\/v2\/media?parent=379"}],"curies":[{"name":"wp","href":"https:\/\/api.w.org\/{rel}","templated":true}]}}