{"id":76,"date":"2016-07-26T11:42:17","date_gmt":"2016-07-26T09:42:17","guid":{"rendered":"http:\/\/www.etacs.de\/?page_id=76"},"modified":"2016-07-26T14:09:29","modified_gmt":"2016-07-26T12:09:29","slug":"kundennutzen","status":"publish","type":"page","link":"https:\/\/www.etacs.de\/index.php\/produkt\/kundennutzen\/","title":{"rendered":"Kundennutzen"},"content":{"rendered":"<h3><img loading=\"lazy\" decoding=\"async\" class=\"alignnone size-full wp-image-73\" src=\"http:\/\/www.etacs.de\/wp-content\/uploads\/2016\/07\/produkt.png\" alt=\"produkt\" width=\"980\" height=\"352\" srcset=\"https:\/\/www.etacs.de\/wp-content\/uploads\/2016\/07\/produkt.png 980w, https:\/\/www.etacs.de\/wp-content\/uploads\/2016\/07\/produkt-300x108.png 300w, https:\/\/www.etacs.de\/wp-content\/uploads\/2016\/07\/produkt-768x276.png 768w, https:\/\/www.etacs.de\/wp-content\/uploads\/2016\/07\/produkt-613x220.png 613w\" sizes=\"auto, (max-width: 980px) 100vw, 980px\" \/><\/h3>\n<h3>Verf\u00fcgbar Einfach Offen<\/h3>\n<p>Unsere Software tr\u00e4gt dazu bei, Arbeitsabl\u00e4ufe zu automatisieren \u2013 um die Wirtschaftlichkeit im Reiseb\u00fcro zu erh\u00f6hen. Mit ETACS-L\u00f6sungen k\u00f6nnen Sie Aufgaben 24 Stunden lang erledigen lassen, denn das System steht rund um die Uhr bereit, Vorg\u00e4nge so wie von Ihren Expedienten definiert abzuarbeiten.<\/p>\n<p>Alle ETACS-Module wurden unter Verwendung der modernsten Werkzeuge und Tools entwickelt, um eine leicht verstehbare Benutzeroberfl\u00e4che und einfachste Handhabung sicher zu stellen. Die Funktionen stehen \u00fcber das Internet an jedem Arbeitsplatz ortsunabh\u00e4ngig zur Verf\u00fcgung und k\u00f6nnen intuitiv bedient werden. Texte, Formulare, Rechnungen, Gutschriften und Buchungsbest\u00e4tigungen lassen sich frei gestalten und an die Corporate Identity des Reiseb\u00fcros anpassen.<\/p>\n","protected":false},"excerpt":{"rendered":"<p>Verf\u00fcgbar Einfach Offen Unsere Software tr\u00e4gt dazu bei, Arbeitsabl\u00e4ufe zu automatisieren \u2013 um die Wirtschaftlichkeit im Reiseb\u00fcro zu erh\u00f6hen. Mit ETACS-L\u00f6sungen k\u00f6nnen Sie Aufgaben 24 Stunden lang erledigen lassen, denn das System steht rund um die Uhr bereit, Vorg\u00e4nge so wie von Ihren Expedienten definiert abzuarbeiten. Alle ETACS-Module wurden unter Verwendung der modernsten Werkzeuge und [&hellip;]<\/p>\n","protected":false},"author":1,"featured_media":0,"parent":14,"menu_order":0,"comment_status":"closed","ping_status":"closed","template":"","meta":{"footnotes":""},"class_list":["post-76","page","type-page","status-publish","hentry"],"_links":{"self":[{"href":"https:\/\/www.etacs.de\/index.php\/wp-json\/wp\/v2\/pages\/76","targetHints":{"allow":["GET"]}}],"collection":[{"href":"https:\/\/www.etacs.de\/index.php\/wp-json\/wp\/v2\/pages"}],"about":[{"href":"https:\/\/www.etacs.de\/index.php\/wp-json\/wp\/v2\/types\/page"}],"author":[{"embeddable":true,"href":"https:\/\/www.etacs.de\/index.php\/wp-json\/wp\/v2\/users\/1"}],"replies":[{"embeddable":true,"href":"https:\/\/www.etacs.de\/index.php\/wp-json\/wp\/v2\/comments?post=76"}],"version-history":[{"count":1,"href":"https:\/\/www.etacs.de\/index.php\/wp-json\/wp\/v2\/pages\/76\/revisions"}],"predecessor-version":[{"id":77,"href":"https:\/\/www.etacs.de\/index.php\/wp-json\/wp\/v2\/pages\/76\/revisions\/77"}],"up":[{"embeddable":true,"href":"https:\/\/www.etacs.de\/index.php\/wp-json\/wp\/v2\/pages\/14"}],"wp:attachment":[{"href":"https:\/\/www.etacs.de\/index.php\/wp-json\/wp\/v2\/media?parent=76"}],"curies":[{"name":"wp","href":"https:\/\/api.w.org\/{rel}","templated":true}]}}