{"id":99,"date":"2016-07-26T14:17:19","date_gmt":"2016-07-26T12:17:19","guid":{"rendered":"http:\/\/www.etacs.de\/?page_id=99"},"modified":"2016-07-26T14:50:40","modified_gmt":"2016-07-26T12:50:40","slug":"crm","status":"publish","type":"page","link":"https:\/\/www.etacs.de\/index.php\/produkt\/crm\/","title":{"rendered":"CRM"},"content":{"rendered":"<header class=\"csc-header csc-header-n1\">\n<h3 class=\"csc-firstHeader\">Customer Relationship Management<\/h3>\n<\/header>\n<p>Gepflegte Kundenadressen sind das Herzst\u00fcck eines jeden Reiseb\u00fcros. Mit der ETACS-Adressenverwaltung k\u00f6nnen Sie Privat- oder Firmenkunden und Reiseb\u00fcros verwalten. ETACS f\u00fchrt komplexe Selektionen einfach und unkompliziert durch. Auf Wunsch \u00fcbergibt es die Daten auch an Fulfillmentcenter oder Ihren Lettershop und erinnert Sie automatisch an \u00fcberf\u00e4llige Aufgaben.<\/p>\n<ul>\n<li>Selektieren der Marketingkriterien<\/li>\n<li>Einbeziehen der Buchungshistorie<\/li>\n<li>Umfangreiche Event-\/Wiedervorlageverwaltung<\/li>\n<li>Belegverwaltung mit Nachdruckm\u00f6glichkeit<\/li>\n<li>Einstellbares Regelwerk f\u00fcr CRM-Aktionen wie z.B.: automatische SMS vor Abflug,<\/li>\n<li>Welcome Back Letter, Geburtstagsgr\u00fc\u00dfe, Weihnachtskarten<\/li>\n<li>Newsletter per E-Mail, Fax, Brief etc.<\/li>\n<li>Kombination der Kriterien Kunden, Buchungen, Events, Marketing<\/li>\n<li>\u00dcbergabe der Daten an Fullfillmentcenter oder Lettershop m\u00f6glich<\/li>\n<li>Automatische Erinnerung an \u00fcberf\u00e4llige Aufgaben etc.<\/li>\n<\/ul>\n","protected":false},"excerpt":{"rendered":"<p>Customer Relationship Management Gepflegte Kundenadressen sind das Herzst\u00fcck eines jeden Reiseb\u00fcros. Mit der ETACS-Adressenverwaltung k\u00f6nnen Sie Privat- oder Firmenkunden und Reiseb\u00fcros verwalten. ETACS f\u00fchrt komplexe Selektionen einfach und unkompliziert durch. Auf Wunsch \u00fcbergibt es die Daten auch an Fulfillmentcenter oder Ihren Lettershop und erinnert Sie automatisch an \u00fcberf\u00e4llige Aufgaben. Selektieren der Marketingkriterien Einbeziehen der Buchungshistorie [&hellip;]<\/p>\n","protected":false},"author":1,"featured_media":0,"parent":14,"menu_order":0,"comment_status":"closed","ping_status":"closed","template":"","meta":{"footnotes":""},"class_list":["post-99","page","type-page","status-publish","hentry"],"_links":{"self":[{"href":"https:\/\/www.etacs.de\/index.php\/wp-json\/wp\/v2\/pages\/99","targetHints":{"allow":["GET"]}}],"collection":[{"href":"https:\/\/www.etacs.de\/index.php\/wp-json\/wp\/v2\/pages"}],"about":[{"href":"https:\/\/www.etacs.de\/index.php\/wp-json\/wp\/v2\/types\/page"}],"author":[{"embeddable":true,"href":"https:\/\/www.etacs.de\/index.php\/wp-json\/wp\/v2\/users\/1"}],"replies":[{"embeddable":true,"href":"https:\/\/www.etacs.de\/index.php\/wp-json\/wp\/v2\/comments?post=99"}],"version-history":[{"count":2,"href":"https:\/\/www.etacs.de\/index.php\/wp-json\/wp\/v2\/pages\/99\/revisions"}],"predecessor-version":[{"id":129,"href":"https:\/\/www.etacs.de\/index.php\/wp-json\/wp\/v2\/pages\/99\/revisions\/129"}],"up":[{"embeddable":true,"href":"https:\/\/www.etacs.de\/index.php\/wp-json\/wp\/v2\/pages\/14"}],"wp:attachment":[{"href":"https:\/\/www.etacs.de\/index.php\/wp-json\/wp\/v2\/media?parent=99"}],"curies":[{"name":"wp","href":"https:\/\/api.w.org\/{rel}","templated":true}]}}